{"id":91,"date":"2015-04-29T08:18:09","date_gmt":"2015-04-29T08:18:09","guid":{"rendered":"http:\/\/test.ff-zitternberg.at\/wordpress\/?page_id=91"},"modified":"2020-08-21T07:32:50","modified_gmt":"2020-08-21T06:32:50","slug":"ueber-uns","status":"publish","type":"page","link":"http:\/\/www.ff-zitternberg.at\/index.php\/ueber-uns\/","title":{"rendered":"\u00dcber uns"},"content":{"rendered":"<p>Die Freiwillige Feuerwehr Zitternberg wurde 1927 gegr\u00fcndet und ist seit jeher f\u00fcr den Schutz der Bev\u00f6lkerung von Zitternberg zust\u00e4ndig. Der Einsatzbereich hat eine gr\u00f6\u00dfe von 1,6 km\u00b2.<\/p>\n<p>Im Dorf finden sich neben der international bekannten Firma H\u00e4usermann auch zwei Kunstateliers, Landwirtschaften und Beherbergungsbetriebe.<\/p>\n<p>Fr\u00fcher gab es im Ort auch Gasth\u00e4user und Gemischtwarenh\u00e4ndler, sogenannte &#8222;Grei\u00dfler&#8220;, die im Lauf der Geschichte geschlossen wurden und somit tiefe Einschnitte in das gesellschaftliche Leben und die Nahversorgung brachten.<\/p>\n<p><strong>Einsatzbereich<\/strong><\/p>\n<p>Der \u00f6rtliche Einsatzbereich der Feuerwehr Zitternberg ist gerade einmal 1,6 km\u00b2 gro\u00df. Dies ist die vom Gemeinderat festgelegte Gr\u00f6\u00dfe der Katastralgemeinde. Sogenannte &#8222;Freiheiten&#8220;, also Fl\u00e4chen au\u00dferhalb der Ortsgrenzen, sind sehr gering.<br \/>\nAufgrund der verschiedensten Alarmpl\u00e4ne wird die Feuerwehr Zitternberg aber auch au\u00dferhalb der Ortsgrenzen zur Unterst\u00fctzung anderer Feuerwehren gerufen. Dies ist durch die Stationierung eines Tankl\u00f6schfahrzeuges und eines hydraulischen Rettungsger\u00e4tes bedingt.<\/p>\n<p>Der Kamp, ein Fluss der die Orte Zitternberg und Thunau trennt, kann Hochw\u00e4sser mit sich bringen. Generell sind drei Objekte im Ort bei einem solchen Ereigniss gering gef\u00e4hrdet da man mittlerweile in Hochwasserschutzsysteme investiert hat.<\/p>\n<p><span style=\"text-decoration: underline;\">Verkehr<\/span><br \/>\nDer Einsatzbereich wird durch die Kamptalbundesstra\u00dfe, LB 34, durchzogen auf der immer wieder zu Fahrzeugbergungen ausger\u00fcckt werden muss.<br \/>\nDie Landesstra\u00dfe 8001 f\u00fchrt durch den Ort und m\u00fcndet in einen asphaltierten G\u00fcterweg der Zitternberg mit der Nachbarortschaft Maiersch verbindet. Auf dieser Stra\u00dfe ist gro\u00dfteils nur Anrainerverkehr &#8211; somit halten sich die Eins\u00e4tze hier gering.<\/p>\n<p><span style=\"text-decoration: underline;\">Betriebe<\/span><br \/>\nIm Ort finden sich zwei Beherbergungsbetriebe und zwei Kunstateliers die an sich kein potentielles Gefahrenrisiko darstellen. Die Firma KSG Austria GmbH (Erzeugung von Leiterplatten) ist der gr\u00f6\u00dfte Betrieb im Ort mit ca. 200 Angestellten. Durch regelm\u00e4\u00dfige \u00dcbungen und Besprechungen mit der Firmenleitung k\u00f6nnen Eins\u00e4tze, hier meistens Brandalarme durch die hauseigene Brandmeldezentrale, rasch und zielf\u00fchrend bew\u00e4ltigt werden.<\/p>\n","protected":false},"excerpt":{"rendered":"<p>Die Freiwillige Feuerwehr Zitternberg wurde 1927 gegr\u00fcndet und ist seit jeher f\u00fcr den Schutz der Bev\u00f6lkerung von Zitternberg zust\u00e4ndig. Der<\/p>\n","protected":false},"author":1,"featured_media":0,"parent":0,"menu_order":0,"comment_status":"closed","ping_status":"closed","template":"","meta":{"footnotes":""},"_links":{"self":[{"href":"http:\/\/www.ff-zitternberg.at\/index.php\/wp-json\/wp\/v2\/pages\/91"}],"collection":[{"href":"http:\/\/www.ff-zitternberg.at\/index.php\/wp-json\/wp\/v2\/pages"}],"about":[{"href":"http:\/\/www.ff-zitternberg.at\/index.php\/wp-json\/wp\/v2\/types\/page"}],"author":[{"embeddable":true,"href":"http:\/\/www.ff-zitternberg.at\/index.php\/wp-json\/wp\/v2\/users\/1"}],"replies":[{"embeddable":true,"href":"http:\/\/www.ff-zitternberg.at\/index.php\/wp-json\/wp\/v2\/comments?post=91"}],"version-history":[{"count":5,"href":"http:\/\/www.ff-zitternberg.at\/index.php\/wp-json\/wp\/v2\/pages\/91\/revisions"}],"predecessor-version":[{"id":2129,"href":"http:\/\/www.ff-zitternberg.at\/index.php\/wp-json\/wp\/v2\/pages\/91\/revisions\/2129"}],"wp:attachment":[{"href":"http:\/\/www.ff-zitternberg.at\/index.php\/wp-json\/wp\/v2\/media?parent=91"}],"curies":[{"name":"wp","href":"https:\/\/api.w.org\/{rel}","templated":true}]}}