{"id":63,"date":"2015-04-29T07:54:15","date_gmt":"2015-04-29T07:54:15","guid":{"rendered":"http:\/\/test.ff-zitternberg.at\/wordpress\/?page_id=63"},"modified":"2017-11-04T16:02:26","modified_gmt":"2017-11-04T15:02:26","slug":"sonderanhaenger-750","status":"publish","type":"page","link":"https:\/\/www.ff-zitternberg.at\/index.php\/fahrzeuge-und-geraet\/sonderanhaenger-750\/","title":{"rendered":"SOA 750"},"content":{"rendered":"<p><a href=\"http:\/\/www.ff-zitternberg.at\/wp-content\/uploads\/2015\/04\/soa1.jpg\" rel=\"attachment wp-att-315\"><img loading=\"lazy\" decoding=\"async\" class=\"alignnone size-full wp-image-315\" src=\"http:\/\/www.ff-zitternberg.at\/wp-content\/uploads\/2015\/04\/soa1.jpg\" alt=\"soa1\" width=\"4288\" height=\"2848\" srcset=\"https:\/\/www.ff-zitternberg.at\/wp-content\/uploads\/2015\/04\/soa1.jpg 4288w, https:\/\/www.ff-zitternberg.at\/wp-content\/uploads\/2015\/04\/soa1-300x199.jpg 300w, https:\/\/www.ff-zitternberg.at\/wp-content\/uploads\/2015\/04\/soa1-1024x680.jpg 1024w\" sizes=\"(max-width: 4288px) 100vw, 4288px\" \/><\/a><\/p>\n<p>Bezeichnung: Sonderanh\u00e4nger<br \/>\nAufbauhersteller: Winglhofer\/Eigenbau<br \/>\nBaujahr: 1997<\/p>\n<p>Ausr\u00fcstung<\/p>\n<ul>\n<li>Unterwasserpumpen<\/li>\n<li>\u00d6lbindemittel<\/li>\n<li>Stative und Fluter<\/li>\n<li>Schanzwerkzeug<\/li>\n<\/ul>\n<p>Der Anh\u00e4nger wurde 1997 f\u00fcr die in Zitternberg stationierte Strahlenschutzgruppe 08 angeskauft und zum Transport von Schutzanz\u00fcgen, Messger\u00e4ten und dem Luftversorgungssystem (LVS) verwendet. Mit der Abgabe der Gruppe an die Feuerwehr Horn ging der Anh\u00e4nger in den Besitz der Feuerwehr Zitternberg \u00fcber.<\/p>\n","protected":false},"excerpt":{"rendered":"<p>Bezeichnung: Sonderanh\u00e4nger Aufbauhersteller: Winglhofer\/Eigenbau Baujahr: 1997 Ausr\u00fcstung Unterwasserpumpen \u00d6lbindemittel Stative und Fluter Schanzwerkzeug Der Anh\u00e4nger wurde 1997 f\u00fcr die in<\/p>\n","protected":false},"author":1,"featured_media":0,"parent":30,"menu_order":5,"comment_status":"closed","ping_status":"closed","template":"","meta":{"footnotes":""},"_links":{"self":[{"href":"https:\/\/www.ff-zitternberg.at\/index.php\/wp-json\/wp\/v2\/pages\/63"}],"collection":[{"href":"https:\/\/www.ff-zitternberg.at\/index.php\/wp-json\/wp\/v2\/pages"}],"about":[{"href":"https:\/\/www.ff-zitternberg.at\/index.php\/wp-json\/wp\/v2\/types\/page"}],"author":[{"embeddable":true,"href":"https:\/\/www.ff-zitternberg.at\/index.php\/wp-json\/wp\/v2\/users\/1"}],"replies":[{"embeddable":true,"href":"https:\/\/www.ff-zitternberg.at\/index.php\/wp-json\/wp\/v2\/comments?post=63"}],"version-history":[{"count":5,"href":"https:\/\/www.ff-zitternberg.at\/index.php\/wp-json\/wp\/v2\/pages\/63\/revisions"}],"predecessor-version":[{"id":1315,"href":"https:\/\/www.ff-zitternberg.at\/index.php\/wp-json\/wp\/v2\/pages\/63\/revisions\/1315"}],"up":[{"embeddable":true,"href":"https:\/\/www.ff-zitternberg.at\/index.php\/wp-json\/wp\/v2\/pages\/30"}],"wp:attachment":[{"href":"https:\/\/www.ff-zitternberg.at\/index.php\/wp-json\/wp\/v2\/media?parent=63"}],"curies":[{"name":"wp","href":"https:\/\/api.w.org\/{rel}","templated":true}]}}